{"id":72,"date":"2022-06-21T10:53:55","date_gmt":"2022-06-21T08:53:55","guid":{"rendered":"https:\/\/zermalinis.ch\/?page_id=72"},"modified":"2025-06-09T10:20:16","modified_gmt":"2025-06-09T08:20:16","slug":"produktekatalog","status":"publish","type":"page","link":"https:\/\/zermalinis.ch\/index.php\/produktekatalog\/","title":{"rendered":"Produktekatalog"},"content":{"rendered":"\n<div class=\"wp-block-group has-black-color has-text-color has-link-color has-dynapuff-font-family has-large-font-size wp-elements-853e942e54f494fbb88ab5e18efbefef has-global-padding is-layout-constrained wp-block-group-is-layout-constrained\">\n<div class=\"wp-block-group has-global-padding is-layout-constrained wp-block-group-is-layout-constrained\">\n<div class=\"wp-block-group has-global-padding is-layout-constrained wp-block-group-is-layout-constrained\">\n<div class=\"wp-block-group has-black-color has-white-background-color has-text-color has-background has-link-color wp-elements-46861fa6e33656eff199c08e9f0bf337 has-global-padding is-layout-constrained wp-block-group-is-layout-constrained\">\n<div class=\"wp-block-group has-black-color has-text-color has-link-color wp-elements-2aac454bf4637ef32f2c06045afff6dd has-global-padding is-layout-constrained wp-block-group-is-layout-constrained\">\n<div class=\"wp-block-columns is-layout-flex wp-container-core-columns-is-layout-28f84493 wp-block-columns-is-layout-flex\">\n<div class=\"wp-block-column is-layout-flow wp-block-column-is-layout-flow\" style=\"flex-basis:100%\">\n<div class=\"wp-block-group has-global-padding is-layout-constrained wp-block-group-is-layout-constrained\">\n<div class=\"wp-block-group has-simple-autography-font-family is-vertical is-layout-flex wp-container-core-group-is-layout-0bc941e6 wp-block-group-is-layout-flex\">\n<div class=\"wp-block-buttons has-custom-font-size has-simple-autography-font-family has-large-font-size is-horizontal is-content-justification-center is-layout-flex wp-container-core-buttons-is-layout-d22b458c wp-block-buttons-is-layout-flex\" style=\"margin-top:0;margin-bottom:0\">\n<div class=\"wp-block-button is-style-fill\"><a class=\"wp-block-button__link has-black-color has-light-green-cyan-background-color has-text-color has-background has-link-color has-simple-autography-font-family has-large-font-size has-custom-font-size wp-element-button\" href=\"https:\/\/zermalinis.ch\/index.php\/produktekatalog\/alles-fuer-den-znueni\/\" style=\"border-radius:0px\">Alles f\u00fcr den Zn\u00fcni<\/a><\/div>\n\n\n\n<div class=\"wp-block-button is-style-fill\"><a class=\"wp-block-button__link has-black-color has-light-green-cyan-background-color has-text-color has-background has-link-color has-simple-autography-font-family has-large-font-size has-custom-font-size wp-element-button\" href=\"https:\/\/zermalinis.ch\/index.php\/produktekatalog\/alu-boxen\/\" style=\"border-radius:0px\">Alu-Boxen<\/a><\/div>\n\n\n\n<div class=\"wp-block-button is-style-fill\"><a class=\"wp-block-button__link has-black-color has-light-green-cyan-background-color has-text-color has-background has-link-color wp-element-button\" href=\"https:\/\/zermalinis.ch\/index.php\/produktekatalog\/auto\/\" style=\"border-radius:0px\">Auto<\/a><\/div>\n\n\n\n<div class=\"wp-block-button is-style-fill\"><a class=\"wp-block-button__link has-black-color has-light-green-cyan-background-color has-text-color has-background has-link-color wp-element-button\" href=\"https:\/\/zermalinis.ch\/index.php\/produktekatalog\/bambus-waage-gelasert\/\" style=\"border-radius:0px\">Bambus-Waage<\/a><\/div>\n\n\n\n<div class=\"wp-block-button is-style-fill\"><a class=\"wp-block-button__link has-black-color has-light-green-cyan-background-color has-text-color has-background has-link-color has-simple-autography-font-family has-large-font-size has-custom-font-size wp-element-button\" href=\"https:\/\/zermalinis.ch\/index.php\/produktekatalog\/div-beschriftungen\/\" style=\"border-radius:0px\">Beschriftungen<\/a><\/div>\n\n\n\n<div class=\"wp-block-button is-style-fill\"><a class=\"wp-block-button__link has-black-color has-light-green-cyan-background-color has-text-color has-background has-link-color wp-element-button\" href=\"https:\/\/zermalinis.ch\/index.php\/produktekatalog\/bilderrahmen-2\/\" style=\"border-radius:0px\">Bilderrahmen<\/a><\/div>\n\n\n\n<div class=\"wp-block-button is-style-fill\"><a class=\"wp-block-button__link has-black-color has-light-green-cyan-background-color has-text-color has-background has-link-color wp-element-button\" href=\"https:\/\/zermalinis.ch\/index.php\/produktekatalog\/bilderrahmen-geldgeschenk\/\" style=\"border-radius:0px\">Bilderrahmen-Geldgeschenk<\/a><\/div>\n\n\n\n<div class=\"wp-block-button is-style-fill\"><a class=\"wp-block-button__link has-black-color has-light-green-cyan-background-color has-text-color has-background has-link-color wp-element-button\" href=\"https:\/\/zermalinis.ch\/index.php\/produktekatalog\/buchstaben-deko\/\" style=\"border-radius:0px\">Buchstaben-Deko<\/a><\/div>\n\n\n\n<div class=\"wp-block-button is-style-fill\"><a class=\"wp-block-button__link has-black-color has-light-green-cyan-background-color has-text-color has-background has-link-color wp-element-button\" href=\"https:\/\/zermalinis.ch\/index.php\/produktekatalog\/erinnerungskisten\/\" style=\"border-radius:0px\">Erinnerungskisten<\/a><\/div>\n\n\n\n<div class=\"wp-block-button is-style-fill\"><a class=\"wp-block-button__link has-black-color has-light-green-cyan-background-color has-text-color has-background has-link-color wp-element-button\" href=\"https:\/\/zermalinis.ch\/index.php\/produktekatalog\/fensterbeschriftungen\/\" style=\"border-radius:0px;text-transform:none\">Fensterbeschriftung<\/a><\/div>\n\n\n\n<div class=\"wp-block-button is-style-fill\"><a class=\"wp-block-button__link has-black-color has-light-green-cyan-background-color has-text-color has-background has-link-color wp-element-button\" href=\"https:\/\/zermalinis.ch\/index.php\/fensterrahmen\/\" style=\"border-radius:0px\">Fensterrahmen<\/a><\/div>\n\n\n\n<div class=\"wp-block-button is-style-fill\"><a class=\"wp-block-button__link has-black-color has-light-green-cyan-background-color has-text-color has-background has-link-color wp-element-button\" href=\"https:\/\/zermalinis.ch\/index.php\/flaschen\/\" style=\"border-radius:0px\">Flaschen<\/a><\/div>\n\n\n\n<div class=\"wp-block-button is-style-fill\"><a class=\"wp-block-button__link has-black-color has-light-green-cyan-background-color has-text-color has-background has-link-color wp-element-button\" href=\"https:\/\/zermalinis.ch\/index.php\/gehaekeltes\/\" style=\"border-radius:0px\">Geh\u00e4keltes<\/a><\/div>\n\n\n\n<div class=\"wp-block-button is-style-fill\"><a class=\"wp-block-button__link has-black-color has-light-green-cyan-background-color has-text-color has-background has-link-color wp-element-button\" href=\"https:\/\/zermalinis.ch\/index.php\/produktekatalog\/geldtaeschli\/\" style=\"border-radius:0px\">Geldt\u00e4schli<\/a><\/div>\n\n\n\n<div class=\"wp-block-button is-style-fill\"><a class=\"wp-block-button__link has-black-color has-light-green-cyan-background-color has-text-color has-background has-link-color wp-element-button\" href=\"https:\/\/zermalinis.ch\/index.php\/produktekatalog\/genaehtes\/\" style=\"border-radius:0px\">Gen\u00e4htes Allerlei<\/a><\/div>\n\n\n\n<div class=\"wp-block-button is-style-fill\"><a class=\"wp-block-button__link has-black-color has-light-green-cyan-background-color has-text-color has-background has-link-color wp-element-button\" href=\"https:\/\/zermalinis.ch\/index.php\/produktekatalog\/geschenkideen\/\" style=\"border-radius:0px\">Geschenkideen<\/a><\/div>\n\n\n\n<div class=\"wp-block-button is-style-fill\"><a class=\"wp-block-button__link has-black-color has-light-green-cyan-background-color has-text-color has-background has-link-color wp-element-button\" href=\"https:\/\/zermalinis.ch\/index.php\/beispiel-seite\/produktekatalog\/gesticktes\/\" style=\"border-radius:0px\">Gesticktes<\/a><\/div>\n\n\n\n<div class=\"wp-block-button is-style-fill\"><a class=\"wp-block-button__link has-black-color has-light-green-cyan-background-color has-text-color has-background has-link-color wp-element-button\" href=\"https:\/\/zermalinis.ch\/index.php\/glaschneidebrett\/\" style=\"border-radius:0px\">Glasschneidebrett<\/a><\/div>\n\n\n\n<div class=\"wp-block-button is-style-fill\"><a class=\"wp-block-button__link has-black-color has-light-green-cyan-background-color has-text-color has-background has-link-color wp-element-button\" href=\"https:\/\/zermalinis.ch\/index.php\/produktekatalog\/glueckswuermli\/\" style=\"border-radius:0px\">Gl\u00fccksw\u00fcrmli<\/a><\/div>\n\n\n\n<div class=\"wp-block-button is-style-fill\"><a class=\"wp-block-button__link has-black-color has-light-green-cyan-background-color has-text-color has-background has-link-color wp-element-button\" href=\"https:\/\/zermalinis.ch\/index.php\/produktekatalog\/haekelkoerbchen\/\" style=\"border-radius:0px\">H\u00e4kelk\u00f6rbchen<\/a><\/div>\n\n\n\n<div class=\"wp-block-button is-style-fill\"><a class=\"wp-block-button__link has-black-color has-light-green-cyan-background-color has-text-color has-background has-link-color wp-element-button\" href=\"https:\/\/zermalinis.ch\/index.php\/produktekatalog\/holzkisten\/\" style=\"border-radius:0px\">Holzkisten<\/a><\/div>\n\n\n\n<div class=\"wp-block-button is-style-fill\"><a class=\"wp-block-button__link has-black-color has-light-green-cyan-background-color has-text-color has-background has-link-color wp-element-button\" href=\"https:\/\/zermalinis.ch\/index.php\/produktekatalog\/kaesseli\/\" style=\"border-radius:0px\">K\u00e4sseli<\/a><\/div>\n\n\n\n<div class=\"wp-block-button is-style-fill\"><a class=\"wp-block-button__link has-black-color has-light-green-cyan-background-color has-text-color has-background has-link-color wp-element-button\" href=\"https:\/\/zermalinis.ch\/index.php\/produktekatalog\/kids\/\" style=\"border-radius:0px\">Kids<\/a><\/div>\n\n\n\n<div class=\"wp-block-button is-style-fill\"><a class=\"wp-block-button__link has-black-color has-light-green-cyan-background-color has-text-color has-background has-link-color wp-element-button\" href=\"https:\/\/zermalinis.ch\/index.php\/produktekatalog\/kerzen\/\" style=\"border-radius:0px\">Kerzen<\/a><\/div>\n\n\n\n<div class=\"wp-block-button is-style-fill\"><a class=\"wp-block-button__link has-black-color has-light-green-cyan-background-color has-text-color has-background has-link-color wp-element-button\" href=\"https:\/\/zermalinis.ch\/index.php\/kissen\/\" style=\"border-radius:0px\">Kissen<\/a><\/div>\n\n\n\n<div class=\"wp-block-button is-style-fill\"><a class=\"wp-block-button__link has-black-color has-light-green-cyan-background-color has-text-color has-background has-link-color wp-element-button\" href=\"https:\/\/zermalinis.ch\/index.php\/produktekatalog\/kleiderbeschriftung\/\" style=\"border-radius:0px\">Kleiderbeschriftung<\/a><\/div>\n\n\n\n<div class=\"wp-block-button is-style-fill\"><a class=\"wp-block-button__link has-black-color has-light-green-cyan-background-color has-text-color has-background has-link-color wp-element-button\" style=\"border-radius:0px\">Lampen\/Lichter<\/a><\/div>\n\n\n\n<div class=\"wp-block-button is-style-fill\"><a class=\"wp-block-button__link has-black-color has-light-green-cyan-background-color has-text-color has-background has-link-color wp-element-button\" href=\"https:\/\/zermalinis.ch\/index.php\/produktekatalog\/bilder-gelasert\/\" style=\"border-radius:0px\">Laser-Bilder<\/a><\/div>\n\n\n\n<div class=\"wp-block-button is-style-fill\"><a class=\"wp-block-button__link has-black-color has-light-green-cyan-background-color has-text-color has-background has-link-color wp-element-button\" href=\"https:\/\/zermalinis.ch\/index.php\/produktekatalog\/laser-diverses\/\" style=\"border-radius:0px\">Laser-Diverses<\/a><\/div>\n\n\n\n<div class=\"wp-block-button is-style-fill\"><a class=\"wp-block-button__link has-black-color has-light-green-cyan-background-color has-text-color has-background has-link-color wp-element-button\" href=\"https:\/\/zermalinis.ch\/index.php\/produktekatalog\/laser-kinderpuzzle\/\" style=\"border-radius:0px\">Laser-Kinderpuzzle<\/a><\/div>\n\n\n\n<div class=\"wp-block-button is-style-fill\"><a class=\"wp-block-button__link has-black-color has-light-green-cyan-background-color has-text-color has-background has-link-color wp-element-button\" href=\"https:\/\/zermalinis.ch\/index.php\/produktekatalog\/windlichter-gelasert\/\" style=\"border-radius:0px\">Laser Windlichter<\/a><\/div>\n\n\n\n<div class=\"wp-block-button is-style-fill\"><a class=\"wp-block-button__link has-black-color has-light-green-cyan-background-color has-text-color has-background has-link-color wp-element-button\" style=\"border-radius:0px\">Makramee<\/a><\/div>\n\n\n\n<div class=\"wp-block-button is-style-fill\"><a class=\"wp-block-button__link has-black-color has-light-green-cyan-background-color has-text-color has-background has-link-color wp-element-button\" href=\"https:\/\/zermalinis.ch\/index.php\/papiersachen\/\" style=\"border-radius:0px\">Papiersachen<\/a><\/div>\n\n\n\n<div class=\"wp-block-button is-style-fill\"><a class=\"wp-block-button__link has-black-color has-light-green-cyan-background-color has-text-color has-background has-link-color wp-element-button\" href=\"https:\/\/zermalinis.ch\/index.php\/schluessel\/\" style=\"border-radius:0px\">Schl\u00fcssel<\/a><\/div>\n\n\n\n<div class=\"wp-block-button is-style-fill\"><a class=\"wp-block-button__link has-black-color has-light-green-cyan-background-color has-text-color has-background has-link-color wp-element-button\" href=\"https:\/\/zermalinis.ch\/index.php\/sublimation-diverses\/\" style=\"border-radius:0px\">Sublimation-Diverses<\/a><\/div>\n\n\n\n<div class=\"wp-block-button is-style-fill\"><a class=\"wp-block-button__link has-black-color has-light-green-cyan-background-color has-text-color has-background has-link-color wp-element-button\" href=\"https:\/\/zermalinis.ch\/index.php\/tassen\/\" style=\"border-radius:0px\">Tassen<\/a><\/div>\n\n\n\n<div class=\"wp-block-button is-style-fill\"><a class=\"wp-block-button__link has-black-color has-light-green-cyan-background-color has-text-color has-background has-link-color wp-element-button\" href=\"https:\/\/zermalinis.ch\/index.php\/tonie\/\" style=\"border-radius:0px\">Toniebox<\/a><\/div>\n\n\n\n<div class=\"wp-block-button is-style-fill\"><a class=\"wp-block-button__link has-black-color has-light-green-cyan-background-color has-text-color has-background has-link-color wp-element-button\" style=\"border-radius:0px\">Trauer\/Erinnerung<\/a><\/div>\n\n\n\n<div class=\"wp-block-button is-style-fill\"><a class=\"wp-block-button__link has-black-color has-light-green-cyan-background-color has-text-color has-background has-link-color wp-element-button\" href=\"https:\/\/zermalinis.ch\/index.php\/produktekatalog\/trinkflaschen\/\" style=\"border-radius:0px\">Trinkflaschen<\/a><\/div>\n\n\n\n<div class=\"wp-block-button is-style-fill\"><a class=\"wp-block-button__link has-black-color has-light-green-cyan-background-color has-text-color has-background has-link-color wp-element-button\" href=\"https:\/\/zermalinis.ch\/index.php\/produktekatalog\/turnbeutel\/\" style=\"border-radius:0px\">Turnbeutel<\/a><\/div>\n\n\n\n<div class=\"wp-block-button is-style-fill\"><a class=\"wp-block-button__link has-black-color has-light-green-cyan-background-color has-text-color has-background has-link-color wp-element-button\" href=\"https:\/\/zermalinis.ch\/index.php\/weihnachten-2\/\" style=\"border-radius:0px\">Weihnachten<\/a><\/div>\n<\/div>\n<\/div>\n<\/div>\n<\/div>\n<\/div>\n<\/div>\n<\/div>\n<\/div>\n<\/div>\n<\/div>\n\n\n<form role=\"search\" method=\"get\" action=\"https:\/\/zermalinis.ch\/\" style=\"margin-top:var(--wp--preset--spacing--50);margin-bottom:var(--wp--preset--spacing--50);margin-left:var(--wp--preset--spacing--30);margin-right:var(--wp--preset--spacing--30);\" class=\"wp-block-search__button-outside wp-block-search__text-button wp-block-search\"    ><label class=\"wp-block-search__label has-fantasi-women-font-family\" for=\"wp-block-search__input-1\"  style=\"font-weight: 700;font-style: normal\"><br>Suchen<\/label><div class=\"wp-block-search__inside-wrapper\"  style=\"width: 75%\"><input class=\"wp-block-search__input has-fantasi-women-font-family\" id=\"wp-block-search__input-1\" placeholder=\"\" value=\"\" type=\"search\" name=\"s\" required  style=\"border-width: 2px;font-weight: 700;font-style: normal\"\/><button aria-label=\"Suchen\" class=\"wp-block-search__button has-fantasi-women-font-family wp-element-button\" type=\"submit\"  style=\"border-width: 2px;font-weight: 700;font-style: normal\">Suchen<\/button><\/div><\/form>\n\n\n<p class=\"has-fantasi-women-font-family has-x-large-font-size\">Hast Du nichts passendes gefunden? Dann melde Dich doch einfach bei uns und wir versuchen Deine kreativen W\u00fcnsche zu erf\u00fcllen!<br>Vieles ist m\u00f6glich&#8230;<\/p>\n","protected":false},"excerpt":{"rendered":"<p>Hast Du nichts passendes gefunden? Dann melde Dich doch einfach bei uns und wir versuchen Deine kreativen W\u00fcnsche zu erf\u00fcllen!Vieles ist m\u00f6glich&#8230;<\/p>\n","protected":false},"author":1,"featured_media":0,"parent":0,"menu_order":0,"comment_status":"closed","ping_status":"closed","template":"","meta":{"footnotes":""},"class_list":["post-72","page","type-page","status-publish","hentry"],"_links":{"self":[{"href":"https:\/\/zermalinis.ch\/index.php\/wp-json\/wp\/v2\/pages\/72","targetHints":{"allow":["GET"]}}],"collection":[{"href":"https:\/\/zermalinis.ch\/index.php\/wp-json\/wp\/v2\/pages"}],"about":[{"href":"https:\/\/zermalinis.ch\/index.php\/wp-json\/wp\/v2\/types\/page"}],"author":[{"embeddable":true,"href":"https:\/\/zermalinis.ch\/index.php\/wp-json\/wp\/v2\/users\/1"}],"replies":[{"embeddable":true,"href":"https:\/\/zermalinis.ch\/index.php\/wp-json\/wp\/v2\/comments?post=72"}],"version-history":[{"count":140,"href":"https:\/\/zermalinis.ch\/index.php\/wp-json\/wp\/v2\/pages\/72\/revisions"}],"predecessor-version":[{"id":3603,"href":"https:\/\/zermalinis.ch\/index.php\/wp-json\/wp\/v2\/pages\/72\/revisions\/3603"}],"wp:attachment":[{"href":"https:\/\/zermalinis.ch\/index.php\/wp-json\/wp\/v2\/media?parent=72"}],"curies":[{"name":"wp","href":"https:\/\/api.w.org\/{rel}","templated":true}]}}