{"id":2,"date":"2022-06-07T18:58:52","date_gmt":"2022-06-07T16:58:52","guid":{"rendered":"https:\/\/zermalinis.ch\/?page_id=2"},"modified":"2025-06-09T09:58:13","modified_gmt":"2025-06-09T07:58:13","slug":"home","status":"publish","type":"page","link":"https:\/\/zermalinis.ch\/","title":{"rendered":"Home"},"content":{"rendered":"\n<p class=\"has-text-align-center has-black-color has-text-color has-simple-alphabet-font-family\" style=\"margin-top:var(--wp--preset--spacing--80);margin-right:var(--wp--preset--spacing--70);margin-bottom:var(--wp--preset--spacing--80);margin-left:var(--wp--preset--spacing--70);font-size:2.4rem\">Herzlich Willkommen <\/p>\n\n\n\n<figure class=\"wp-block-image size-large is-resized\"><img loading=\"lazy\" decoding=\"async\" width=\"1024\" height=\"341\" src=\"https:\/\/zermalinis.ch\/wp-content\/uploads\/2024\/09\/aa1b15a4-a72f-4c10-811b-56c583bcbf68-1024x341.jpeg\" alt=\"\" class=\"wp-image-2158\" style=\"width:637px;height:auto\" srcset=\"https:\/\/zermalinis.ch\/wp-content\/uploads\/2024\/09\/aa1b15a4-a72f-4c10-811b-56c583bcbf68-1024x341.jpeg 1024w, https:\/\/zermalinis.ch\/wp-content\/uploads\/2024\/09\/aa1b15a4-a72f-4c10-811b-56c583bcbf68-300x100.jpeg 300w, https:\/\/zermalinis.ch\/wp-content\/uploads\/2024\/09\/aa1b15a4-a72f-4c10-811b-56c583bcbf68-768x256.jpeg 768w, https:\/\/zermalinis.ch\/wp-content\/uploads\/2024\/09\/aa1b15a4-a72f-4c10-811b-56c583bcbf68-1536x512.jpeg 1536w, https:\/\/zermalinis.ch\/wp-content\/uploads\/2024\/09\/aa1b15a4-a72f-4c10-811b-56c583bcbf68-2048x683.jpeg 2048w, https:\/\/zermalinis.ch\/wp-content\/uploads\/2024\/09\/aa1b15a4-a72f-4c10-811b-56c583bcbf68-1140x380.jpeg 1140w, https:\/\/zermalinis.ch\/wp-content\/uploads\/2024\/09\/aa1b15a4-a72f-4c10-811b-56c583bcbf68-380x127.jpeg 380w\" sizes=\"auto, (max-width: 1024px) 100vw, 1024px\" \/><\/figure>\n\n\n\n<div class=\"wp-block-group has-global-padding is-layout-constrained wp-block-group-is-layout-constrained\">\n<p class=\"has-text-align-center has-simple-autography-font-family has-large-font-size\">Hast du einen kreativen Wunsch \u2013 als Geschenk oder f\u00fcr dich selbst? <\/p>\n\n\n\n<p class=\"has-text-align-center has-simple-autography-font-family has-large-font-size\">Dann bist du hier genau richtig!<\/p>\n\n\n\n<p class=\"has-text-align-center has-black-color has-text-color has-simple-autography-font-family has-large-font-size\">Wir erf\u00fcllen deine W\u00fcnsche \u2013 ob Einzelst\u00fccke oder Kleinserien \u2013 mit viel Herzblut und Leidenschaft.<\/p>\n\n\n\n<p class=\"has-text-align-center has-magic-in-valentine-font-family\" style=\"font-size:2.9rem;letter-spacing:2px\"><strong>ZerMa-linis<\/strong> &#8230;. <\/p>\n\n\n\n<p class=\"has-text-align-center has-black-color has-text-color has-simple-autography-font-family has-large-font-size\">Dein Ansprechpartner f\u00fcr kreative W\u00fcnsche, tolle Geschenke, individuelle Deko und N\u00fctzliches f\u00fcr den Alltag!<\/p>\n\n\n\n<p class=\"has-text-align-center has-foreground-color has-light-green-cyan-background-color has-text-color has-background has-magic-in-valentine-font-family\" style=\"padding-top:0;padding-right:var(--wp--preset--spacing--80);padding-bottom:0;padding-left:var(--wp--preset--spacing--80);font-size:80px;font-style:normal;font-weight:400\">ZerMa-linis<\/p>\n\n\n\n<p class=\"has-text-align-center has-foreground-color has-light-green-cyan-background-color has-text-color has-background has-amastery-script-font-family\" style=\"padding-top:var(--wp--preset--spacing--30);padding-right:var(--wp--preset--spacing--70);padding-bottom:var(--wp--preset--spacing--30);padding-left:var(--wp--preset--spacing--70);font-size:39px;font-style:normal;font-weight:400\"> unendlich kreativ&nbsp;<\/p>\n\n\n\n<p class=\"has-text-align-center has-black-color has-text-color has-simple-autography-font-family has-large-font-size\" style=\"font-style:normal;font-weight:400\">Lass dich inspirieren und entdecke einzigartige, liebevoll gestaltete Kreationen.<\/p>\n\n\n\n<p class=\"has-text-align-center has-black-color has-text-color has-simple-autography-font-family has-large-font-size\" style=\"font-style:normal;font-weight:400\">Viel Spass beim St\u00f6bern auf unserer Seite!<\/p>\n\n\n\n<p class=\"has-text-align-center has-black-color has-text-color has-simple-autography-font-family has-large-font-size\" style=\"font-style:normal;font-weight:400\">Bei Fragen, Bestellungen, Anliegen und Feedbacks darfst du dich jederzeit gerne an uns wenden.<\/p>\n\n\n\n<p class=\"has-text-align-center has-black-color has-text-color has-simple-autography-font-family has-large-font-size\" style=\"font-style:normal;font-weight:400\">Wir helfen Dir gerne weiter und finden gemeinsam das Passende \ud83d\ude42<\/p>\n<\/div>\n","protected":false},"excerpt":{"rendered":"<p>Herzlich Willkommen Hast du einen kreativen Wunsch \u2013 als Geschenk oder f\u00fcr dich selbst? Dann bist du hier genau richtig! Wir erf\u00fcllen deine W\u00fcnsche \u2013 ob Einzelst\u00fccke oder Kleinserien \u2013 mit viel Herzblut und Leidenschaft. ZerMa-linis &#8230;. Dein Ansprechpartner f\u00fcr kreative W\u00fcnsche, tolle Geschenke, individuelle Deko und N\u00fctzliches f\u00fcr den Alltag! ZerMa-linis unendlich kreativ&nbsp; Lass [&hellip;]<\/p>\n","protected":false},"author":1,"featured_media":0,"parent":0,"menu_order":0,"comment_status":"closed","ping_status":"closed","template":"","meta":{"footnotes":""},"class_list":["post-2","page","type-page","status-publish","hentry"],"_links":{"self":[{"href":"https:\/\/zermalinis.ch\/index.php\/wp-json\/wp\/v2\/pages\/2","targetHints":{"allow":["GET"]}}],"collection":[{"href":"https:\/\/zermalinis.ch\/index.php\/wp-json\/wp\/v2\/pages"}],"about":[{"href":"https:\/\/zermalinis.ch\/index.php\/wp-json\/wp\/v2\/types\/page"}],"author":[{"embeddable":true,"href":"https:\/\/zermalinis.ch\/index.php\/wp-json\/wp\/v2\/users\/1"}],"replies":[{"embeddable":true,"href":"https:\/\/zermalinis.ch\/index.php\/wp-json\/wp\/v2\/comments?post=2"}],"version-history":[{"count":53,"href":"https:\/\/zermalinis.ch\/index.php\/wp-json\/wp\/v2\/pages\/2\/revisions"}],"predecessor-version":[{"id":3589,"href":"https:\/\/zermalinis.ch\/index.php\/wp-json\/wp\/v2\/pages\/2\/revisions\/3589"}],"wp:attachment":[{"href":"https:\/\/zermalinis.ch\/index.php\/wp-json\/wp\/v2\/media?parent=2"}],"curies":[{"name":"wp","href":"https:\/\/api.w.org\/{rel}","templated":true}]}}